{"id":1796,"date":"2023-07-11T12:32:53","date_gmt":"2023-07-11T12:32:53","guid":{"rendered":"https:\/\/gsmobilegroup.com\/?page_id=1796"},"modified":"2023-07-25T17:55:14","modified_gmt":"2023-07-25T17:55:14","slug":"oportunidades-de-negocios","status":"publish","type":"page","link":"https:\/\/pixel369.com\/ru\/oportunidades-de-negocios\/","title":{"rendered":"\u0412\u043e\u0437\u043c\u043e\u0436\u043d\u043e\u0441\u0442\u0438 \u0434\u043b\u044f \u0431\u0438\u0437\u043d\u0435\u0441\u0430"},"content":{"rendered":"<div data-elementor-type=\"wp-page\" data-elementor-id=\"1796\" class=\"elementor elementor-1796\">\n\t\t\t\t\t\t<section class=\"elementor-section elementor-top-section elementor-element elementor-element-d8180a3 elementor-section-full_width elementor-section-height-default elementor-section-height-default\" data-id=\"d8180a3\" data-element_type=\"section\" data-e-type=\"section\">\n\t\t\t\t\t\t<div class=\"elementor-container elementor-column-gap-no\">\n\t\t\t\t\t<div class=\"elementor-column elementor-col-100 elementor-top-column elementor-element elementor-element-3189887\" data-id=\"3189887\" data-element_type=\"column\" data-e-type=\"column\">\n\t\t\t<div class=\"elementor-widget-wrap elementor-element-populated\">\n\t\t\t\t\t\t<div class=\"elementor-element elementor-element-10f8b17 elementor--h-position-center elementor--v-position-middle elementor-arrows-position-inside elementor-pagination-position-inside elementor-widget elementor-widget-slides\" data-id=\"10f8b17\" data-element_type=\"widget\" data-e-type=\"widget\" data-settings=\"{&quot;navigation&quot;:&quot;both&quot;,&quot;autoplay&quot;:&quot;yes&quot;,&quot;pause_on_hover&quot;:&quot;yes&quot;,&quot;pause_on_interaction&quot;:&quot;yes&quot;,&quot;autoplay_speed&quot;:5000,&quot;transition&quot;:&quot;slide&quot;,&quot;transition_speed&quot;:500}\" data-widget_type=\"slides.default\">\n\t\t\t\t<div class=\"elementor-widget-container\">\n\t\t\t\t\t\t\t<div class=\"elementor-swiper\">\n\t\t\t<div class=\"elementor-slides-wrapper elementor-main-swiper swiper-container\" dir=\"ltr\" data-animation=\"\">\n\t\t\t\t<div class=\"swiper-wrapper elementor-slides\">\n\t\t\t\t\t\t\t\t\t\t<div class=\"elementor-repeater-item-1012c7b swiper-slide\"><div class=\"swiper-slide-bg\" role=\"img\"><\/div><div class=\"elementor-background-overlay\"><\/div><div class=\"swiper-slide-inner\" ><div class=\"swiper-slide-contents\"><div class=\"elementor-slide-heading\">\u0412\u043e\u0437\u043c\u043e\u0436\u043d\u043e\u0441\u0442\u0438 \u0434\u043b\u044f \u0431\u0438\u0437\u043d\u0435\u0441\u0430 <\/div><\/div><\/div><\/div>\t\t\t\t<\/div>\n\t\t\t\t\t\t\t<\/div>\n\t\t<\/div>\n\t\t\t\t\t\t<\/div>\n\t\t\t\t<\/div>\n\t\t\t\t\t<\/div>\n\t\t<\/div>\n\t\t\t\t\t<\/div>\n\t\t<\/section>\n\t\t\t\t<section class=\"elementor-section elementor-top-section elementor-element elementor-element-2d34a77 elementor-section-boxed elementor-section-height-default elementor-section-height-default\" data-id=\"2d34a77\" data-element_type=\"section\" data-e-type=\"section\">\n\t\t\t\t\t\t<div class=\"elementor-container elementor-column-gap-default\">\n\t\t\t\t\t<div class=\"elementor-column elementor-col-100 elementor-top-column elementor-element elementor-element-bba0275\" data-id=\"bba0275\" data-element_type=\"column\" data-e-type=\"column\">\n\t\t\t<div class=\"elementor-widget-wrap elementor-element-populated\">\n\t\t\t\t\t\t<div class=\"elementor-element elementor-element-58f47b3 elementor-widget elementor-widget-spacer\" data-id=\"58f47b3\" data-element_type=\"widget\" data-e-type=\"widget\" data-widget_type=\"spacer.default\">\n\t\t\t\t<div class=\"elementor-widget-container\">\n\t\t\t\t\t\t\t<div class=\"elementor-spacer\">\n\t\t\t<div class=\"elementor-spacer-inner\"><\/div>\n\t\t<\/div>\n\t\t\t\t\t\t<\/div>\n\t\t\t\t<\/div>\n\t\t\t\t<div class=\"elementor-element elementor-element-8e490af elementor-widget elementor-widget-heading\" data-id=\"8e490af\" data-element_type=\"widget\" data-e-type=\"widget\" data-widget_type=\"heading.default\">\n\t\t\t\t<div class=\"elementor-widget-container\">\n\t\t\t\t\t<h2 class=\"elementor-heading-title elementor-size-default\">Mercado Ruso <\/h2>\t\t\t\t<\/div>\n\t\t\t\t<\/div>\n\t\t\t\t\t<\/div>\n\t\t<\/div>\n\t\t\t\t\t<\/div>\n\t\t<\/section>\n\t\t\t\t<section class=\"elementor-section elementor-top-section elementor-element elementor-element-e6ae6d1 elementor-section-boxed elementor-section-height-default elementor-section-height-default\" data-id=\"e6ae6d1\" data-element_type=\"section\" data-e-type=\"section\">\n\t\t\t\t\t\t<div class=\"elementor-container elementor-column-gap-default\">\n\t\t\t\t\t<div class=\"elementor-column elementor-col-33 elementor-top-column elementor-element elementor-element-3769e5a\" data-id=\"3769e5a\" data-element_type=\"column\" data-e-type=\"column\">\n\t\t\t<div class=\"elementor-widget-wrap elementor-element-populated\">\n\t\t\t\t\t\t<div class=\"elementor-element elementor-element-f547803 elementor-widget elementor-widget-spacer\" data-id=\"f547803\" data-element_type=\"widget\" data-e-type=\"widget\" data-widget_type=\"spacer.default\">\n\t\t\t\t<div class=\"elementor-widget-container\">\n\t\t\t\t\t\t\t<div class=\"elementor-spacer\">\n\t\t\t<div class=\"elementor-spacer-inner\"><\/div>\n\t\t<\/div>\n\t\t\t\t\t\t<\/div>\n\t\t\t\t<\/div>\n\t\t\t\t<div class=\"elementor-element elementor-element-e4451b1 elementor-widget elementor-widget-heading\" data-id=\"e4451b1\" data-element_type=\"widget\" data-e-type=\"widget\" data-widget_type=\"heading.default\">\n\t\t\t\t<div class=\"elementor-widget-container\">\n\t\t\t\t\t<span class=\"elementor-heading-title elementor-size-default\">Ventajas:<\/span>\t\t\t\t<\/div>\n\t\t\t\t<\/div>\n\t\t\t\t<div class=\"elementor-element elementor-element-baba822 elementor-widget elementor-widget-text-editor\" data-id=\"baba822\" data-element_type=\"widget\" data-e-type=\"widget\" data-widget_type=\"text-editor.default\">\n\t\t\t\t<div class=\"elementor-widget-container\">\n\t\t\t\t\t\t\t\t\t<ul><li>Rusia tiene una fuerte base econ\u00f3mica, basada en particular en sus abundantes recursos naturales(petr\u00f3leo, gas y metales).<\/li><\/ul><div>\u00a0<\/div><ul><li>La fuerza laboral est\u00e1 formada y su costo intermedio la vuelve accesible para inversores extranjeros.<\/li><\/ul><div>\u00a0<\/div><ul><li>La fuerza laboral est\u00e1 formada operaciones de comercio y es relativamente abierta a nivel internacional (gracias a su cercan\u00eda geogr\u00e1fica y cultural con Europa occidental y Asia).<\/li><\/ul><div>\u00a0<\/div><div><ul><li>Forma parte del BRIC que se encuentra en alza.<\/li><\/ul><\/div><div>\u00a0<\/div><div>\u00a0<\/div><p style=\"padding-left: 40px;\"><strong>Baja deuda p\u00fablica.<\/strong><\/p><ul><li>Onceava econom\u00eda a nivel global, con c\u00f3modas reservas de divisas extranjeras, baja deuda p\u00fablica y super\u00e1vit de cuenta corriente.<\/li><\/ul><div>\u00a0<\/div><div><ul><li>Rusia ocupa el puesto 28 de los pa\u00edses donde es f\u00e1cil hacer negocios seg\u00fan el Banco Mundial (Doing Business 2020).<\/li><\/ul><div>\u00a0<\/div><\/div><div>\u00a0<\/div><div>\u00a0<\/div><div>\u00a0<\/div>\t\t\t\t\t\t\t\t<\/div>\n\t\t\t\t<\/div>\n\t\t\t\t\t<\/div>\n\t\t<\/div>\n\t\t\t\t<div class=\"elementor-column elementor-col-33 elementor-top-column elementor-element elementor-element-8854f86\" data-id=\"8854f86\" data-element_type=\"column\" data-e-type=\"column\">\n\t\t\t<div class=\"elementor-widget-wrap elementor-element-populated\">\n\t\t\t\t\t\t<div class=\"elementor-element elementor-element-c9862ef elementor-widget elementor-widget-spacer\" data-id=\"c9862ef\" data-element_type=\"widget\" data-e-type=\"widget\" data-widget_type=\"spacer.default\">\n\t\t\t\t<div class=\"elementor-widget-container\">\n\t\t\t\t\t\t\t<div class=\"elementor-spacer\">\n\t\t\t<div class=\"elementor-spacer-inner\"><\/div>\n\t\t<\/div>\n\t\t\t\t\t\t<\/div>\n\t\t\t\t<\/div>\n\t\t\t\t<div class=\"elementor-element elementor-element-482bc97 elementor-widget elementor-widget-heading\" data-id=\"482bc97\" data-element_type=\"widget\" data-e-type=\"widget\" data-widget_type=\"heading.default\">\n\t\t\t\t<div class=\"elementor-widget-container\">\n\t\t\t\t\t<span class=\"elementor-heading-title elementor-size-default\">Desventajas:<\/span>\t\t\t\t<\/div>\n\t\t\t\t<\/div>\n\t\t\t\t<div class=\"elementor-element elementor-element-359a5ea elementor-widget elementor-widget-text-editor\" data-id=\"359a5ea\" data-element_type=\"widget\" data-e-type=\"widget\" data-widget_type=\"text-editor.default\">\n\t\t\t\t<div class=\"elementor-widget-container\">\n\t\t\t\t\t\t\t\t\t<ul><li>La econom\u00eda rusa sigue siendo muy dependiente de los precios de los hidrocarburos y materias primas, al igual que de las importaciones de los bienes de capital y tecnolog\u00eda extranjera.<\/li><\/ul><div>\u00a0<\/div><ul><li>La confianza de negocios en el sistema legal del pa\u00eds sigue siendo d\u00e9bil.<\/li><\/ul><div>\u00a0<\/div><ul><li>Las reglas y legislaci\u00f3n de contadur\u00eda son complicadas y a veces contradictorias.<\/li><\/ul><div>\u00a0<\/div><ul><li>La infracci\u00f3n de la propiedad intelectual es una fuerte fuente de preocupaci\u00f3n.<\/li><\/ul><div>\u00a0<\/div><ul><li>Muchos sectores considerados estrat\u00e9gicos est\u00e1n cerrados a las inversiones extranjeras.<\/li><\/ul><div>\u00a0<\/div><ul><li>Tensiones geopol\u00edticas: las sanciones econ\u00f3micas de parte de Estados Unidos y la UE se han multiplicado, lo que complica seriamente el desarrollo de los negocios y aumenta los costos.<\/li><\/ul>\t\t\t\t\t\t\t\t<\/div>\n\t\t\t\t<\/div>\n\t\t\t\t\t<\/div>\n\t\t<\/div>\n\t\t\t\t<div class=\"elementor-column elementor-col-33 elementor-top-column elementor-element elementor-element-ae4cd50\" data-id=\"ae4cd50\" data-element_type=\"column\" data-e-type=\"column\">\n\t\t\t<div class=\"elementor-widget-wrap elementor-element-populated\">\n\t\t\t\t\t\t<div class=\"elementor-element elementor-element-d154281 elementor-widget elementor-widget-image\" data-id=\"d154281\" data-element_type=\"widget\" data-e-type=\"widget\" data-widget_type=\"image.default\">\n\t\t\t\t<div class=\"elementor-widget-container\">\n\t\t\t\t\t\t\t\t\t\t\t\t\t\t\t<img fetchpriority=\"high\" decoding=\"async\" width=\"504\" height=\"812\" src=\"https:\/\/pixel369.com\/wp-content\/uploads\/2023\/07\/moscu-city-mo.png\" class=\"attachment-medium_large size-medium_large wp-image-2513\" alt=\"\" srcset=\"https:\/\/pixel369.com\/wp-content\/uploads\/2023\/07\/moscu-city-mo.png 504w, https:\/\/pixel369.com\/wp-content\/uploads\/2023\/07\/moscu-city-mo-186x300.png 186w, https:\/\/pixel369.com\/wp-content\/uploads\/2023\/07\/moscu-city-mo-7x12.png 7w\" sizes=\"(max-width: 504px) 100vw, 504px\" \/>\t\t\t\t\t\t\t\t\t\t\t\t\t\t\t<\/div>\n\t\t\t\t<\/div>\n\t\t\t\t\t<\/div>\n\t\t<\/div>\n\t\t\t\t\t<\/div>\n\t\t<\/section>\n\t\t\t\t<\/div>","protected":false},"excerpt":{"rendered":"<p>Oportunidades de negocios Mercado Ruso Ventajas: Rusia tiene una fuerte base econ\u00f3mica, basada en particular en sus abundantes recursos naturales(petr\u00f3leo, gas y metales). \u00a0 La fuerza laboral est\u00e1 formada y su costo intermedio la vuelve accesible para inversores extranjeros. \u00a0 La fuerza laboral est\u00e1 formada operaciones de comercio y es relativamente abierta a nivel internacional [&hellip;]<\/p>\n","protected":false},"author":1,"featured_media":0,"parent":0,"menu_order":0,"comment_status":"closed","ping_status":"closed","template":"","meta":{"footnotes":""},"class_list":["post-1796","page","type-page","status-publish","hentry"],"_links":{"self":[{"href":"https:\/\/pixel369.com\/ru\/wp-json\/wp\/v2\/pages\/1796","targetHints":{"allow":["GET"]}}],"collection":[{"href":"https:\/\/pixel369.com\/ru\/wp-json\/wp\/v2\/pages"}],"about":[{"href":"https:\/\/pixel369.com\/ru\/wp-json\/wp\/v2\/types\/page"}],"author":[{"embeddable":true,"href":"https:\/\/pixel369.com\/ru\/wp-json\/wp\/v2\/users\/1"}],"replies":[{"embeddable":true,"href":"https:\/\/pixel369.com\/ru\/wp-json\/wp\/v2\/comments?post=1796"}],"version-history":[{"count":79,"href":"https:\/\/pixel369.com\/ru\/wp-json\/wp\/v2\/pages\/1796\/revisions"}],"predecessor-version":[{"id":2545,"href":"https:\/\/pixel369.com\/ru\/wp-json\/wp\/v2\/pages\/1796\/revisions\/2545"}],"wp:attachment":[{"href":"https:\/\/pixel369.com\/ru\/wp-json\/wp\/v2\/media?parent=1796"}],"curies":[{"name":"wp","href":"https:\/\/api.w.org\/{rel}","templated":true}]}}